{"id":289,"date":"2018-07-03T13:52:14","date_gmt":"2018-07-03T13:52:14","guid":{"rendered":"https:\/\/themes.getmotopress.com\/mountainview\/?page_id=289"},"modified":"2025-10-07T15:53:20","modified_gmt":"2025-10-07T15:53:20","slug":"fishing","status":"publish","type":"page","link":"https:\/\/chaletssurlefleuve.com\/francais\/home\/activities\/fishing\/","title":{"rendered":"P\u00eache"},"content":{"rendered":"<p>Rendez votre s\u00e9jour au chalet inoubliable avec de v\u00e9ritables <strong data-start=\"262\" data-end=\"282\">vacances de p\u00eache<\/strong> sur la <strong data-start=\"290\" data-end=\"311\">lac Saint-Louis<\/strong>. Que vous pr\u00e9f\u00e9riez lancer votre ligne depuis le <strong data-start=\"356\" data-end=\"364\">quai<\/strong>, partir en <strong data-start=\"386\" data-end=\"394\">bateau<\/strong>, ou explorer la rivi\u00e8re en <strong data-start=\"422\" data-end=\"431\">kayak<\/strong>les fa\u00e7ons de profiter des eaux calmes et des poissons abondants ne manquent pas.<\/p>\n<p><!--more Take a Tour--><\/p>\n<p data-start=\"505\" data-end=\"864\">La rivi\u00e8re abrite une grande vari\u00e9t\u00e9 d\u2019esp\u00e8ces, offrant du plaisir aux p\u00eacheurs de tous les niveaux. Passez vos matin\u00e9es dans la brume douce, regardez le soleil se refl\u00e9ter sur l\u2019eau et ressentez l\u2019excitation d\u2019une prise \u2014 petite ou grande. Les apr\u00e8s-midis peuvent se passer \u00e0 explorer des anses tranquilles, pagayer le long des m\u00e9andres de la rivi\u00e8re ou simplement vous d\u00e9tendre sur la rive en admirant le courant paisible.<\/p>\n<p data-start=\"866\" data-end=\"1154\">La p\u00eache ici ne se r\u00e9sume pas \u00e0 la prise \u2014 c\u2019est une exp\u00e9rience \u00e0 part enti\u00e8re. C\u2019est un moment pour se <strong data-start=\"948\" data-end=\"971\">rapprocher de la nature<\/strong>, se d\u00e9tendre et cr\u00e9er des souvenirs durables en famille ou entre amis. Des sorties paisibles en solo aux aventures anim\u00e9es en famille, chaque instant sur la rivi\u00e8re Saint-Louis a quelque chose de sp\u00e9cial \u00e0 offrir.<\/p>\n<p data-start=\"379\" data-end=\"651\">Les enfants adoreront l\u2019excitation de leur premi\u00e8re prise, tandis que les adultes pourront se relaxer et admirer la beaut\u00e9 apaisante de la nature environnante. C\u2019est le parfait \u00e9quilibre entre plaisir et tranquillit\u00e9 \u2014 passer du temps ensemble, partager des histoires et savourer le simple bonheur d\u2019\u00eatre dehors.<\/p>\n<p data-start=\"653\" data-end=\"797\">Qu\u2019il s\u2019agisse d\u2019une journ\u00e9e paisible au quai, d\u2019une exp\u00e9dition en kayak ou d\u2019une balade tranquille en bateau, la p\u00eache sur la rivi\u00e8re Saint-Louis est une fa\u00e7on intemporelle de profiter du plein air et de rendre vos vacances vraiment m\u00e9morables.<\/p>\n\n\n<div class=\"wp-block-jetpack-tiled-gallery aligncenter is-style-rectangular\"><div class=\"\"><div class=\"tiled-gallery__gallery\"><div class=\"tiled-gallery__row\"><div class=\"tiled-gallery__col\" style=\"flex-basis:57.26970%\"><figure class=\"tiled-gallery__item\"><img decoding=\"async\" data-attachment-id=\"699\" data-permalink=\"https:\/\/chaletssurlefleuve.com\/francais\/chalets-6169\/\" data-orig-file=\"https:\/\/i0.wp.com\/chaletssurlefleuve.com\/wp-content\/uploads\/2025\/10\/Chalets-6169-scaled.jpg?fit=1703%2C2560&amp;ssl=1\" data-orig-size=\"1703,2560\" data-comments-opened=\"0\" data-image-meta=\"{&quot;aperture&quot;:&quot;7.1&quot;,&quot;credit&quot;:&quot;Jacques Grilli&quot;,&quot;camera&quot;:&quot;NIKON D700&quot;,&quot;caption&quot;:&quot;&quot;,&quot;created_timestamp&quot;:&quot;1274628028&quot;,&quot;copyright&quot;:&quot;Jacques Grilli&quot;,&quot;focal_length&quot;:&quot;50&quot;,&quot;iso&quot;:&quot;200&quot;,&quot;shutter_speed&quot;:&quot;0.00125&quot;,&quot;title&quot;:&quot;&quot;,&quot;orientation&quot;:&quot;0&quot;}\" data-image-title=\"Chalets-6169\" data-image-description=\"\" data-image-caption=\"\" data-medium-file=\"https:\/\/i0.wp.com\/chaletssurlefleuve.com\/wp-content\/uploads\/2025\/10\/Chalets-6169-scaled.jpg?fit=200%2C300&amp;ssl=1\" data-large-file=\"https:\/\/i0.wp.com\/chaletssurlefleuve.com\/wp-content\/uploads\/2025\/10\/Chalets-6169-scaled.jpg?fit=681%2C1024&amp;ssl=1\" role=\"button\" tabindex=\"0\" aria-label=\"Open image 1 of 6 in full-screen\" srcset=\"https:\/\/i0.wp.com\/chaletssurlefleuve.com\/wp-content\/uploads\/2025\/10\/Chalets-6169-681x1024.jpg?strip=info&#038;w=600&#038;ssl=1 600w,https:\/\/i0.wp.com\/chaletssurlefleuve.com\/wp-content\/uploads\/2025\/10\/Chalets-6169-681x1024.jpg?strip=info&#038;w=900&#038;ssl=1 900w,https:\/\/i0.wp.com\/chaletssurlefleuve.com\/wp-content\/uploads\/2025\/10\/Chalets-6169-681x1024.jpg?strip=info&#038;w=1200&#038;ssl=1 1200w,https:\/\/i0.wp.com\/chaletssurlefleuve.com\/wp-content\/uploads\/2025\/10\/Chalets-6169-681x1024.jpg?strip=info&#038;w=1500&#038;ssl=1 1500w,https:\/\/i0.wp.com\/chaletssurlefleuve.com\/wp-content\/uploads\/2025\/10\/Chalets-6169-681x1024.jpg?strip=info&#038;w=1703&#038;ssl=1 1703w\" alt=\"\" data-height=\"2560\" data-id=\"699\" data-link=\"https:\/\/chaletssurlefleuve.com\/chalets-6169\/\" data-url=\"https:\/\/chaletssurlefleuve.com\/wp-content\/uploads\/2025\/10\/Chalets-6169-681x1024.jpg\" data-width=\"1703\" src=\"https:\/\/i0.wp.com\/chaletssurlefleuve.com\/wp-content\/uploads\/2025\/10\/Chalets-6169-681x1024.jpg?ssl=1\" data-amp-layout=\"responsive\"\/><\/figure><\/div><div class=\"tiled-gallery__col\" style=\"flex-basis:42.73030%\"><figure class=\"tiled-gallery__item\"><img decoding=\"async\" data-attachment-id=\"703\" data-permalink=\"https:\/\/chaletssurlefleuve.com\/francais\/domaineheronbleu1560\/\" data-orig-file=\"https:\/\/i0.wp.com\/chaletssurlefleuve.com\/wp-content\/uploads\/2025\/10\/DomaineHeronBleu1560-scaled.jpg?fit=2560%2C1704&amp;ssl=1\" data-orig-size=\"2560,1704\" data-comments-opened=\"0\" data-image-meta=\"{&quot;aperture&quot;:&quot;4&quot;,&quot;credit&quot;:&quot;Jacques Grilli&quot;,&quot;camera&quot;:&quot;NIKON Df&quot;,&quot;caption&quot;:&quot;&quot;,&quot;created_timestamp&quot;:&quot;1405836442&quot;,&quot;copyright&quot;:&quot;Jacques Grilli&quot;,&quot;focal_length&quot;:&quot;110&quot;,&quot;iso&quot;:&quot;360&quot;,&quot;shutter_speed&quot;:&quot;0.0025&quot;,&quot;title&quot;:&quot;&quot;,&quot;orientation&quot;:&quot;0&quot;}\" data-image-title=\"DomaineHeronBleu1560\" data-image-description=\"\" data-image-caption=\"\" data-medium-file=\"https:\/\/i0.wp.com\/chaletssurlefleuve.com\/wp-content\/uploads\/2025\/10\/DomaineHeronBleu1560-scaled.jpg?fit=300%2C200&amp;ssl=1\" data-large-file=\"https:\/\/i0.wp.com\/chaletssurlefleuve.com\/wp-content\/uploads\/2025\/10\/DomaineHeronBleu1560-scaled.jpg?fit=800%2C533&amp;ssl=1\" role=\"button\" tabindex=\"0\" aria-label=\"Open image 2 of 6 in full-screen\" srcset=\"https:\/\/i0.wp.com\/chaletssurlefleuve.com\/wp-content\/uploads\/2025\/10\/DomaineHeronBleu1560-1024x682.jpg?strip=info&#038;w=600&#038;ssl=1 600w,https:\/\/i0.wp.com\/chaletssurlefleuve.com\/wp-content\/uploads\/2025\/10\/DomaineHeronBleu1560-1024x682.jpg?strip=info&#038;w=900&#038;ssl=1 900w,https:\/\/i0.wp.com\/chaletssurlefleuve.com\/wp-content\/uploads\/2025\/10\/DomaineHeronBleu1560-1024x682.jpg?strip=info&#038;w=1200&#038;ssl=1 1200w,https:\/\/i0.wp.com\/chaletssurlefleuve.com\/wp-content\/uploads\/2025\/10\/DomaineHeronBleu1560-1024x682.jpg?strip=info&#038;w=1500&#038;ssl=1 1500w,https:\/\/i0.wp.com\/chaletssurlefleuve.com\/wp-content\/uploads\/2025\/10\/DomaineHeronBleu1560-1024x682.jpg?strip=info&#038;w=1800&#038;ssl=1 1800w,https:\/\/i0.wp.com\/chaletssurlefleuve.com\/wp-content\/uploads\/2025\/10\/DomaineHeronBleu1560-1024x682.jpg?strip=info&#038;w=2000&#038;ssl=1 2000w\" alt=\"\" data-height=\"1704\" data-id=\"703\" data-link=\"https:\/\/chaletssurlefleuve.com\/domaineheronbleu1560\/\" data-url=\"https:\/\/chaletssurlefleuve.com\/wp-content\/uploads\/2025\/10\/DomaineHeronBleu1560-1024x682.jpg\" data-width=\"2560\" src=\"https:\/\/i0.wp.com\/chaletssurlefleuve.com\/wp-content\/uploads\/2025\/10\/DomaineHeronBleu1560-1024x682.jpg?ssl=1\" data-amp-layout=\"responsive\"\/><\/figure><figure class=\"tiled-gallery__item\"><img decoding=\"async\" data-attachment-id=\"697\" data-permalink=\"https:\/\/chaletssurlefleuve.com\/francais\/chalets-6138\/\" data-orig-file=\"https:\/\/i0.wp.com\/chaletssurlefleuve.com\/wp-content\/uploads\/2025\/10\/Chalets-6138-scaled.jpg?fit=2560%2C1703&amp;ssl=1\" data-orig-size=\"2560,1703\" data-comments-opened=\"0\" data-image-meta=\"{&quot;aperture&quot;:&quot;7.1&quot;,&quot;credit&quot;:&quot;Jacques Grilli&quot;,&quot;camera&quot;:&quot;NIKON D700&quot;,&quot;caption&quot;:&quot;&quot;,&quot;created_timestamp&quot;:&quot;1274626025&quot;,&quot;copyright&quot;:&quot;Jacques Grilli&quot;,&quot;focal_length&quot;:&quot;85&quot;,&quot;iso&quot;:&quot;200&quot;,&quot;shutter_speed&quot;:&quot;0.001&quot;,&quot;title&quot;:&quot;&quot;,&quot;orientation&quot;:&quot;0&quot;}\" data-image-title=\"Chalets-6138\" data-image-description=\"\" data-image-caption=\"\" data-medium-file=\"https:\/\/i0.wp.com\/chaletssurlefleuve.com\/wp-content\/uploads\/2025\/10\/Chalets-6138-scaled.jpg?fit=300%2C200&amp;ssl=1\" data-large-file=\"https:\/\/i0.wp.com\/chaletssurlefleuve.com\/wp-content\/uploads\/2025\/10\/Chalets-6138-scaled.jpg?fit=800%2C532&amp;ssl=1\" role=\"button\" tabindex=\"0\" aria-label=\"Open image 3 of 6 in full-screen\" srcset=\"https:\/\/i0.wp.com\/chaletssurlefleuve.com\/wp-content\/uploads\/2025\/10\/Chalets-6138-1024x681.jpg?strip=info&#038;w=600&#038;ssl=1 600w,https:\/\/i0.wp.com\/chaletssurlefleuve.com\/wp-content\/uploads\/2025\/10\/Chalets-6138-1024x681.jpg?strip=info&#038;w=900&#038;ssl=1 900w,https:\/\/i0.wp.com\/chaletssurlefleuve.com\/wp-content\/uploads\/2025\/10\/Chalets-6138-1024x681.jpg?strip=info&#038;w=1200&#038;ssl=1 1200w,https:\/\/i0.wp.com\/chaletssurlefleuve.com\/wp-content\/uploads\/2025\/10\/Chalets-6138-1024x681.jpg?strip=info&#038;w=1500&#038;ssl=1 1500w,https:\/\/i0.wp.com\/chaletssurlefleuve.com\/wp-content\/uploads\/2025\/10\/Chalets-6138-1024x681.jpg?strip=info&#038;w=1800&#038;ssl=1 1800w,https:\/\/i0.wp.com\/chaletssurlefleuve.com\/wp-content\/uploads\/2025\/10\/Chalets-6138-1024x681.jpg?strip=info&#038;w=2000&#038;ssl=1 2000w\" alt=\"\" data-height=\"1703\" data-id=\"697\" data-link=\"https:\/\/chaletssurlefleuve.com\/chalets-6138\/\" data-url=\"https:\/\/chaletssurlefleuve.com\/wp-content\/uploads\/2025\/10\/Chalets-6138-1024x681.jpg\" data-width=\"2560\" src=\"https:\/\/i0.wp.com\/chaletssurlefleuve.com\/wp-content\/uploads\/2025\/10\/Chalets-6138-1024x681.jpg?ssl=1\" data-amp-layout=\"responsive\"\/><\/figure><figure class=\"tiled-gallery__item\"><img decoding=\"async\" data-attachment-id=\"696\" data-permalink=\"https:\/\/chaletssurlefleuve.com\/francais\/chalets-6123\/\" data-orig-file=\"https:\/\/i0.wp.com\/chaletssurlefleuve.com\/wp-content\/uploads\/2025\/10\/Chalets-6123-scaled.jpg?fit=2560%2C1703&amp;ssl=1\" data-orig-size=\"2560,1703\" data-comments-opened=\"0\" data-image-meta=\"{&quot;aperture&quot;:&quot;10&quot;,&quot;credit&quot;:&quot;Jacques Grilli&quot;,&quot;camera&quot;:&quot;NIKON D700&quot;,&quot;caption&quot;:&quot;&quot;,&quot;created_timestamp&quot;:&quot;1274574576&quot;,&quot;copyright&quot;:&quot;Jacques Grilli&quot;,&quot;focal_length&quot;:&quot;28&quot;,&quot;iso&quot;:&quot;200&quot;,&quot;shutter_speed&quot;:&quot;0.066666666666667&quot;,&quot;title&quot;:&quot;&quot;,&quot;orientation&quot;:&quot;0&quot;}\" data-image-title=\"Chalets-6123\" data-image-description=\"\" data-image-caption=\"\" data-medium-file=\"https:\/\/i0.wp.com\/chaletssurlefleuve.com\/wp-content\/uploads\/2025\/10\/Chalets-6123-scaled.jpg?fit=300%2C200&amp;ssl=1\" data-large-file=\"https:\/\/i0.wp.com\/chaletssurlefleuve.com\/wp-content\/uploads\/2025\/10\/Chalets-6123-scaled.jpg?fit=800%2C532&amp;ssl=1\" role=\"button\" tabindex=\"0\" aria-label=\"Open image 4 of 6 in full-screen\" srcset=\"https:\/\/i0.wp.com\/chaletssurlefleuve.com\/wp-content\/uploads\/2025\/10\/Chalets-6123-1024x681.jpg?strip=info&#038;w=600&#038;ssl=1 600w,https:\/\/i0.wp.com\/chaletssurlefleuve.com\/wp-content\/uploads\/2025\/10\/Chalets-6123-1024x681.jpg?strip=info&#038;w=900&#038;ssl=1 900w,https:\/\/i0.wp.com\/chaletssurlefleuve.com\/wp-content\/uploads\/2025\/10\/Chalets-6123-1024x681.jpg?strip=info&#038;w=1200&#038;ssl=1 1200w,https:\/\/i0.wp.com\/chaletssurlefleuve.com\/wp-content\/uploads\/2025\/10\/Chalets-6123-1024x681.jpg?strip=info&#038;w=1500&#038;ssl=1 1500w,https:\/\/i0.wp.com\/chaletssurlefleuve.com\/wp-content\/uploads\/2025\/10\/Chalets-6123-1024x681.jpg?strip=info&#038;w=1800&#038;ssl=1 1800w,https:\/\/i0.wp.com\/chaletssurlefleuve.com\/wp-content\/uploads\/2025\/10\/Chalets-6123-1024x681.jpg?strip=info&#038;w=2000&#038;ssl=1 2000w\" alt=\"\" data-height=\"1703\" data-id=\"696\" data-link=\"https:\/\/chaletssurlefleuve.com\/chalets-6123\/\" data-url=\"https:\/\/chaletssurlefleuve.com\/wp-content\/uploads\/2025\/10\/Chalets-6123-1024x681.jpg\" data-width=\"2560\" src=\"https:\/\/i0.wp.com\/chaletssurlefleuve.com\/wp-content\/uploads\/2025\/10\/Chalets-6123-1024x681.jpg?ssl=1\" data-amp-layout=\"responsive\"\/><\/figure><\/div><\/div><div class=\"tiled-gallery__row\"><div class=\"tiled-gallery__col\" style=\"flex-basis:50.00000%\"><figure class=\"tiled-gallery__item\"><img decoding=\"async\" data-attachment-id=\"692\" data-permalink=\"https:\/\/chaletssurlefleuve.com\/francais\/chalets-6013\/\" data-orig-file=\"https:\/\/i0.wp.com\/chaletssurlefleuve.com\/wp-content\/uploads\/2025\/10\/Chalets-6013-scaled.jpg?fit=2560%2C1703&amp;ssl=1\" data-orig-size=\"2560,1703\" data-comments-opened=\"0\" data-image-meta=\"{&quot;aperture&quot;:&quot;8&quot;,&quot;credit&quot;:&quot;Jacques Grilli&quot;,&quot;camera&quot;:&quot;NIKON D700&quot;,&quot;caption&quot;:&quot;&quot;,&quot;created_timestamp&quot;:&quot;1274560942&quot;,&quot;copyright&quot;:&quot;Jacques Grilli&quot;,&quot;focal_length&quot;:&quot;200&quot;,&quot;iso&quot;:&quot;200&quot;,&quot;shutter_speed&quot;:&quot;0.00625&quot;,&quot;title&quot;:&quot;&quot;,&quot;orientation&quot;:&quot;0&quot;}\" data-image-title=\"Chalets-6013\" data-image-description=\"\" data-image-caption=\"\" data-medium-file=\"https:\/\/i0.wp.com\/chaletssurlefleuve.com\/wp-content\/uploads\/2025\/10\/Chalets-6013-scaled.jpg?fit=300%2C200&amp;ssl=1\" data-large-file=\"https:\/\/i0.wp.com\/chaletssurlefleuve.com\/wp-content\/uploads\/2025\/10\/Chalets-6013-scaled.jpg?fit=800%2C532&amp;ssl=1\" role=\"button\" tabindex=\"0\" aria-label=\"Open image 5 of 6 in full-screen\" srcset=\"https:\/\/i0.wp.com\/chaletssurlefleuve.com\/wp-content\/uploads\/2025\/10\/Chalets-6013-1024x681.jpg?strip=info&#038;w=600&#038;ssl=1 600w,https:\/\/i0.wp.com\/chaletssurlefleuve.com\/wp-content\/uploads\/2025\/10\/Chalets-6013-1024x681.jpg?strip=info&#038;w=900&#038;ssl=1 900w,https:\/\/i0.wp.com\/chaletssurlefleuve.com\/wp-content\/uploads\/2025\/10\/Chalets-6013-1024x681.jpg?strip=info&#038;w=1200&#038;ssl=1 1200w,https:\/\/i0.wp.com\/chaletssurlefleuve.com\/wp-content\/uploads\/2025\/10\/Chalets-6013-1024x681.jpg?strip=info&#038;w=1500&#038;ssl=1 1500w,https:\/\/i0.wp.com\/chaletssurlefleuve.com\/wp-content\/uploads\/2025\/10\/Chalets-6013-1024x681.jpg?strip=info&#038;w=1800&#038;ssl=1 1800w,https:\/\/i0.wp.com\/chaletssurlefleuve.com\/wp-content\/uploads\/2025\/10\/Chalets-6013-1024x681.jpg?strip=info&#038;w=2000&#038;ssl=1 2000w\" alt=\"\" data-height=\"1703\" data-id=\"692\" data-link=\"https:\/\/chaletssurlefleuve.com\/chalets-6013\/\" data-url=\"https:\/\/chaletssurlefleuve.com\/wp-content\/uploads\/2025\/10\/Chalets-6013-1024x681.jpg\" data-width=\"2560\" src=\"https:\/\/i0.wp.com\/chaletssurlefleuve.com\/wp-content\/uploads\/2025\/10\/Chalets-6013-1024x681.jpg?ssl=1\" data-amp-layout=\"responsive\"\/><\/figure><\/div><div class=\"tiled-gallery__col\" style=\"flex-basis:50.00000%\"><figure class=\"tiled-gallery__item\"><img decoding=\"async\" data-attachment-id=\"695\" data-permalink=\"https:\/\/chaletssurlefleuve.com\/francais\/chalets-6114\/\" data-orig-file=\"https:\/\/i0.wp.com\/chaletssurlefleuve.com\/wp-content\/uploads\/2025\/10\/Chalets-6114-scaled.jpg?fit=2560%2C1703&amp;ssl=1\" data-orig-size=\"2560,1703\" data-comments-opened=\"0\" data-image-meta=\"{&quot;aperture&quot;:&quot;10&quot;,&quot;credit&quot;:&quot;Jacques Grilli&quot;,&quot;camera&quot;:&quot;NIKON D700&quot;,&quot;caption&quot;:&quot;&quot;,&quot;created_timestamp&quot;:&quot;1274568892&quot;,&quot;copyright&quot;:&quot;Jacques Grilli&quot;,&quot;focal_length&quot;:&quot;34&quot;,&quot;iso&quot;:&quot;200&quot;,&quot;shutter_speed&quot;:&quot;0.066666666666667&quot;,&quot;title&quot;:&quot;&quot;,&quot;orientation&quot;:&quot;0&quot;}\" data-image-title=\"Chalets-6114\" data-image-description=\"\" data-image-caption=\"\" data-medium-file=\"https:\/\/i0.wp.com\/chaletssurlefleuve.com\/wp-content\/uploads\/2025\/10\/Chalets-6114-scaled.jpg?fit=300%2C200&amp;ssl=1\" data-large-file=\"https:\/\/i0.wp.com\/chaletssurlefleuve.com\/wp-content\/uploads\/2025\/10\/Chalets-6114-scaled.jpg?fit=800%2C532&amp;ssl=1\" role=\"button\" tabindex=\"0\" aria-label=\"Open image 6 of 6 in full-screen\" srcset=\"https:\/\/i0.wp.com\/chaletssurlefleuve.com\/wp-content\/uploads\/2025\/10\/Chalets-6114-1024x681.jpg?strip=info&#038;w=600&#038;ssl=1 600w,https:\/\/i0.wp.com\/chaletssurlefleuve.com\/wp-content\/uploads\/2025\/10\/Chalets-6114-1024x681.jpg?strip=info&#038;w=900&#038;ssl=1 900w,https:\/\/i0.wp.com\/chaletssurlefleuve.com\/wp-content\/uploads\/2025\/10\/Chalets-6114-1024x681.jpg?strip=info&#038;w=1200&#038;ssl=1 1200w,https:\/\/i0.wp.com\/chaletssurlefleuve.com\/wp-content\/uploads\/2025\/10\/Chalets-6114-1024x681.jpg?strip=info&#038;w=1500&#038;ssl=1 1500w,https:\/\/i0.wp.com\/chaletssurlefleuve.com\/wp-content\/uploads\/2025\/10\/Chalets-6114-1024x681.jpg?strip=info&#038;w=1800&#038;ssl=1 1800w,https:\/\/i0.wp.com\/chaletssurlefleuve.com\/wp-content\/uploads\/2025\/10\/Chalets-6114-1024x681.jpg?strip=info&#038;w=2000&#038;ssl=1 2000w\" alt=\"\" data-height=\"1703\" data-id=\"695\" data-link=\"https:\/\/chaletssurlefleuve.com\/chalets-6114\/\" data-url=\"https:\/\/chaletssurlefleuve.com\/wp-content\/uploads\/2025\/10\/Chalets-6114-1024x681.jpg\" data-width=\"2560\" src=\"https:\/\/i0.wp.com\/chaletssurlefleuve.com\/wp-content\/uploads\/2025\/10\/Chalets-6114-1024x681.jpg?ssl=1\" data-amp-layout=\"responsive\"\/><\/figure><\/div><\/div><\/div><\/div><\/div>","protected":false},"excerpt":{"rendered":"<p>Make your stay at the cottage unforgettable with a true fishing vacation on the Saint-Louis River. Whether you prefer casting a line from the dock, heading out in your boat, or exploring the river by kayak, there are countless ways to enjoy the calm waters and abundant fish.<\/p>","protected":false},"author":1,"featured_media":702,"parent":348,"menu_order":2,"comment_status":"closed","ping_status":"closed","template":"","meta":{"inline_featured_image":false,"footnotes":""},"class_list":["post-289","page","type-page","status-publish","has-post-thumbnail","hentry"],"aioseo_notices":[],"jetpack_sharing_enabled":true,"_links":{"self":[{"href":"https:\/\/chaletssurlefleuve.com\/francais\/wp-json\/wp\/v2\/pages\/289","targetHints":{"allow":["GET"]}}],"collection":[{"href":"https:\/\/chaletssurlefleuve.com\/francais\/wp-json\/wp\/v2\/pages"}],"about":[{"href":"https:\/\/chaletssurlefleuve.com\/francais\/wp-json\/wp\/v2\/types\/page"}],"author":[{"embeddable":true,"href":"https:\/\/chaletssurlefleuve.com\/francais\/wp-json\/wp\/v2\/users\/1"}],"replies":[{"embeddable":true,"href":"https:\/\/chaletssurlefleuve.com\/francais\/wp-json\/wp\/v2\/comments?post=289"}],"version-history":[{"count":4,"href":"https:\/\/chaletssurlefleuve.com\/francais\/wp-json\/wp\/v2\/pages\/289\/revisions"}],"predecessor-version":[{"id":707,"href":"https:\/\/chaletssurlefleuve.com\/francais\/wp-json\/wp\/v2\/pages\/289\/revisions\/707"}],"up":[{"embeddable":true,"href":"https:\/\/chaletssurlefleuve.com\/francais\/wp-json\/wp\/v2\/pages\/348"}],"wp:featuredmedia":[{"embeddable":true,"href":"https:\/\/chaletssurlefleuve.com\/francais\/wp-json\/wp\/v2\/media\/702"}],"wp:attachment":[{"href":"https:\/\/chaletssurlefleuve.com\/francais\/wp-json\/wp\/v2\/media?parent=289"}],"curies":[{"name":"wp","href":"https:\/\/api.w.org\/{rel}","templated":true}]}}