{"id":347,"date":"2018-06-28T11:58:14","date_gmt":"2018-06-28T11:58:14","guid":{"rendered":"https:\/\/themes.getmotopress.com\/mountainview\/?page_id=12"},"modified":"2025-10-07T15:58:17","modified_gmt":"2025-10-07T15:58:17","slug":"more-activities","status":"publish","type":"page","link":"https:\/\/chaletssurlefleuve.com\/francais\/home\/activities\/more-activities\/","title":{"rendered":"Plus d'activit\u00e9s"},"content":{"rendered":"<p>Profitez de chaque saison sur la <strong data-start=\"137\" data-end=\"158\">lac Saint-Louis<\/strong>. En \u00e9t\u00e9, partez en <strong data-start=\"174\" data-end=\"207\">randonn\u00e9e, \u00e0 v\u00e9lo, observez les oiseaux<\/strong>, ou d\u00e9tendez-vous autour d'un <strong data-start=\"223\" data-end=\"251\">d\u2019un feu de camp sous les \u00e9toiles.<\/strong>En hiver, essayez le <strong data-start=\"268\" data-end=\"305\">ski de fond, le patin sur glace<\/strong>, ou <strong data-start=\"310\" data-end=\"325\">la p\u00eache sur glace<\/strong> pour vivre une v\u00e9ritable exp\u00e9rience canadienne.<\/p>\n\n\n\n<!--more Take a Tour-->\n\n\n\n<p><strong data-start=\"363\" data-end=\"384\">Aventures estivales<\/strong><br data-start=\"384\" data-end=\"387\">Quand le soleil brille, profitez du plein air en faisant de la <strong data-start=\"436\" data-end=\"473\">randonn\u00e9e, du v\u00e9lo ou de l\u2019observation des oiseaux<\/strong> . Passez des moments paisibles \u00e0 vous d\u00e9tendre autour <strong data-start=\"518\" data-end=\"561\">d\u2019un feu de camp sous les \u00e9toiles,<\/strong>ou explorez les <strong data-start=\"581\" data-end=\"621\">terrains de golf, vignobles et mus\u00e9es<\/strong> \u00e0 proximit\u00e9 pour go\u00fbter \u00e0 la culture et au charme local.<\/p>\n\n\n\n<p><strong data-start=\"665\" data-end=\"683\">\u00c9vasions hivernales<\/strong><br data-start=\"683\" data-end=\"686\">Lorsque le paysage se pare de blanc, vivez la magie de l\u2019hiver avec le <strong data-start=\"757\" data-end=\"781\">ski de fond<\/strong>, <strong data-start=\"783\" data-end=\"810\">le patinage sur le lac<\/strong>, ou <strong data-start=\"815\" data-end=\"830\">la p\u00eache sur glace<\/strong> pour une aventure typiquement canadienne. C\u2019est une mani\u00e8re id\u00e9ale de profiter de la saison, entour\u00e9 par la nature et le confort chaleureux.<\/p>\n\n\n\n<p>Peu importe la p\u00e9riode de l\u2019ann\u00e9e, vous trouverez d\u2019innombrables fa\u00e7ons de <strong data-start=\"1005\" data-end=\"1064\">vous connecter \u00e0 la nature, de vous d\u00e9tendre et de cr\u00e9er des souvenirs durables.<\/strong>.<\/p>\n\n\n\n<p>&nbsp;<\/p>\n\n\n\n<div class=\"wp-block-jetpack-tiled-gallery aligncenter is-style-rectangular\"><div class=\"\"><div class=\"tiled-gallery__gallery\"><div class=\"tiled-gallery__row\"><div class=\"tiled-gallery__col\" style=\"flex-basis:66.78899%\"><figure class=\"tiled-gallery__item\"><img decoding=\"async\" data-attachment-id=\"669\" data-permalink=\"https:\/\/chaletssurlefleuve.com\/francais\/michel-croisetiere\/\" data-orig-file=\"https:\/\/i0.wp.com\/chaletssurlefleuve.com\/wp-content\/uploads\/2025\/10\/2Domaine-du-Heron-Bleu-envol-aigrette-scaled.jpg?fit=2560%2C1714&amp;ssl=1\" data-orig-size=\"2560,1714\" data-comments-opened=\"0\" data-image-meta=\"{&quot;aperture&quot;:&quot;5.6&quot;,&quot;credit&quot;:&quot;Jacques Grilli&quot;,&quot;camera&quot;:&quot;NIKON D40X&quot;,&quot;caption&quot;:&quot;Michel Croisetiere&quot;,&quot;created_timestamp&quot;:&quot;1282330841&quot;,&quot;copyright&quot;:&quot;Jacques Grilli&quot;,&quot;focal_length&quot;:&quot;300&quot;,&quot;iso&quot;:&quot;200&quot;,&quot;shutter_speed&quot;:&quot;0.001&quot;,&quot;title&quot;:&quot;Michel Croisetiere&quot;,&quot;orientation&quot;:&quot;0&quot;}\" data-image-title=\"Michel Croisetiere\" data-image-description=\"\" data-image-caption=\"&lt;p&gt;Michel Croisetiere&lt;\/p&gt;\" data-medium-file=\"https:\/\/i0.wp.com\/chaletssurlefleuve.com\/wp-content\/uploads\/2025\/10\/2Domaine-du-Heron-Bleu-envol-aigrette-scaled.jpg?fit=300%2C201&amp;ssl=1\" data-large-file=\"https:\/\/i0.wp.com\/chaletssurlefleuve.com\/wp-content\/uploads\/2025\/10\/2Domaine-du-Heron-Bleu-envol-aigrette-scaled.jpg?fit=800%2C535&amp;ssl=1\" role=\"button\" tabindex=\"0\" aria-label=\"Open image 1 of 7 in full-screen\" srcset=\"https:\/\/i0.wp.com\/chaletssurlefleuve.com\/wp-content\/uploads\/2025\/10\/2Domaine-du-Heron-Bleu-envol-aigrette-1024x685.jpg?strip=info&#038;w=600&#038;ssl=1 600w,https:\/\/i0.wp.com\/chaletssurlefleuve.com\/wp-content\/uploads\/2025\/10\/2Domaine-du-Heron-Bleu-envol-aigrette-1024x685.jpg?strip=info&#038;w=900&#038;ssl=1 900w,https:\/\/i0.wp.com\/chaletssurlefleuve.com\/wp-content\/uploads\/2025\/10\/2Domaine-du-Heron-Bleu-envol-aigrette-1024x685.jpg?strip=info&#038;w=1200&#038;ssl=1 1200w,https:\/\/i0.wp.com\/chaletssurlefleuve.com\/wp-content\/uploads\/2025\/10\/2Domaine-du-Heron-Bleu-envol-aigrette-1024x685.jpg?strip=info&#038;w=1500&#038;ssl=1 1500w,https:\/\/i0.wp.com\/chaletssurlefleuve.com\/wp-content\/uploads\/2025\/10\/2Domaine-du-Heron-Bleu-envol-aigrette-1024x685.jpg?strip=info&#038;w=1800&#038;ssl=1 1800w,https:\/\/i0.wp.com\/chaletssurlefleuve.com\/wp-content\/uploads\/2025\/10\/2Domaine-du-Heron-Bleu-envol-aigrette-1024x685.jpg?strip=info&#038;w=2000&#038;ssl=1 2000w\" alt=\"\" data-height=\"1714\" data-id=\"669\" data-link=\"https:\/\/chaletssurlefleuve.com\/michel-croisetiere\/\" data-url=\"https:\/\/chaletssurlefleuve.com\/wp-content\/uploads\/2025\/10\/2Domaine-du-Heron-Bleu-envol-aigrette-1024x685.jpg\" data-width=\"2560\" src=\"https:\/\/i0.wp.com\/chaletssurlefleuve.com\/wp-content\/uploads\/2025\/10\/2Domaine-du-Heron-Bleu-envol-aigrette-1024x685.jpg?ssl=1\" data-amp-layout=\"responsive\"\/><\/figure><\/div><div class=\"tiled-gallery__col\" style=\"flex-basis:33.21101%\"><figure class=\"tiled-gallery__item\"><img decoding=\"async\" data-attachment-id=\"716\" data-permalink=\"https:\/\/chaletssurlefleuve.com\/francais\/chalet_mich-1\/\" data-orig-file=\"https:\/\/i0.wp.com\/chaletssurlefleuve.com\/wp-content\/uploads\/2025\/10\/Chalet_Mich-1-scaled.jpg?fit=2560%2C1714&amp;ssl=1\" data-orig-size=\"2560,1714\" data-comments-opened=\"0\" data-image-meta=\"{&quot;aperture&quot;:&quot;7.1&quot;,&quot;credit&quot;:&quot;Jacques Grilli&quot;,&quot;camera&quot;:&quot;NIKON D40X&quot;,&quot;caption&quot;:&quot;&quot;,&quot;created_timestamp&quot;:&quot;1234129517&quot;,&quot;copyright&quot;:&quot;Jacques Grilli&quot;,&quot;focal_length&quot;:&quot;26&quot;,&quot;iso&quot;:&quot;100&quot;,&quot;shutter_speed&quot;:&quot;0.005&quot;,&quot;title&quot;:&quot;&quot;,&quot;orientation&quot;:&quot;0&quot;}\" data-image-title=\"Chalet_Mich-1\" data-image-description=\"\" data-image-caption=\"\" data-medium-file=\"https:\/\/i0.wp.com\/chaletssurlefleuve.com\/wp-content\/uploads\/2025\/10\/Chalet_Mich-1-scaled.jpg?fit=300%2C201&amp;ssl=1\" data-large-file=\"https:\/\/i0.wp.com\/chaletssurlefleuve.com\/wp-content\/uploads\/2025\/10\/Chalet_Mich-1-scaled.jpg?fit=800%2C535&amp;ssl=1\" role=\"button\" tabindex=\"0\" aria-label=\"Open image 2 of 7 in full-screen\" srcset=\"https:\/\/i0.wp.com\/chaletssurlefleuve.com\/wp-content\/uploads\/2025\/10\/Chalet_Mich-1-1024x685.jpg?strip=info&#038;w=600&#038;ssl=1 600w,https:\/\/i0.wp.com\/chaletssurlefleuve.com\/wp-content\/uploads\/2025\/10\/Chalet_Mich-1-1024x685.jpg?strip=info&#038;w=900&#038;ssl=1 900w,https:\/\/i0.wp.com\/chaletssurlefleuve.com\/wp-content\/uploads\/2025\/10\/Chalet_Mich-1-1024x685.jpg?strip=info&#038;w=1200&#038;ssl=1 1200w,https:\/\/i0.wp.com\/chaletssurlefleuve.com\/wp-content\/uploads\/2025\/10\/Chalet_Mich-1-1024x685.jpg?strip=info&#038;w=1500&#038;ssl=1 1500w,https:\/\/i0.wp.com\/chaletssurlefleuve.com\/wp-content\/uploads\/2025\/10\/Chalet_Mich-1-1024x685.jpg?strip=info&#038;w=1800&#038;ssl=1 1800w,https:\/\/i0.wp.com\/chaletssurlefleuve.com\/wp-content\/uploads\/2025\/10\/Chalet_Mich-1-1024x685.jpg?strip=info&#038;w=2000&#038;ssl=1 2000w\" alt=\"\" data-height=\"1714\" data-id=\"716\" data-link=\"https:\/\/chaletssurlefleuve.com\/chalet_mich-1\/\" data-url=\"https:\/\/chaletssurlefleuve.com\/wp-content\/uploads\/2025\/10\/Chalet_Mich-1-1024x685.jpg\" data-width=\"2560\" src=\"https:\/\/i0.wp.com\/chaletssurlefleuve.com\/wp-content\/uploads\/2025\/10\/Chalet_Mich-1-1024x685.jpg?ssl=1\" data-amp-layout=\"responsive\"\/><\/figure><figure class=\"tiled-gallery__item\"><img decoding=\"async\" data-attachment-id=\"717\" data-permalink=\"https:\/\/chaletssurlefleuve.com\/francais\/michel-croisetiere-5\/\" data-orig-file=\"https:\/\/i0.wp.com\/chaletssurlefleuve.com\/wp-content\/uploads\/2025\/10\/5Domaine-du-Heron-Bleu-Maman-et-Canneton-1-scaled.jpg?fit=2560%2C1714&amp;ssl=1\" data-orig-size=\"2560,1714\" data-comments-opened=\"0\" data-image-meta=\"{&quot;aperture&quot;:&quot;5.6&quot;,&quot;credit&quot;:&quot;Jacques Grilli&quot;,&quot;camera&quot;:&quot;NIKON D40X&quot;,&quot;caption&quot;:&quot;Michel Croisetiere&quot;,&quot;created_timestamp&quot;:&quot;1282330860&quot;,&quot;copyright&quot;:&quot;Jacques Grilli&quot;,&quot;focal_length&quot;:&quot;300&quot;,&quot;iso&quot;:&quot;360&quot;,&quot;shutter_speed&quot;:&quot;0.002&quot;,&quot;title&quot;:&quot;Michel Croisetiere&quot;,&quot;orientation&quot;:&quot;0&quot;}\" data-image-title=\"Michel Croisetiere\" data-image-description=\"\" data-image-caption=\"\" data-medium-file=\"https:\/\/i0.wp.com\/chaletssurlefleuve.com\/wp-content\/uploads\/2025\/10\/5Domaine-du-Heron-Bleu-Maman-et-Canneton-1-scaled.jpg?fit=300%2C201&amp;ssl=1\" data-large-file=\"https:\/\/i0.wp.com\/chaletssurlefleuve.com\/wp-content\/uploads\/2025\/10\/5Domaine-du-Heron-Bleu-Maman-et-Canneton-1-scaled.jpg?fit=800%2C535&amp;ssl=1\" role=\"button\" tabindex=\"0\" aria-label=\"Open image 3 of 7 in full-screen\" srcset=\"https:\/\/i0.wp.com\/chaletssurlefleuve.com\/wp-content\/uploads\/2025\/10\/5Domaine-du-Heron-Bleu-Maman-et-Canneton-1-1024x685.jpg?strip=info&#038;w=600&#038;ssl=1 600w,https:\/\/i0.wp.com\/chaletssurlefleuve.com\/wp-content\/uploads\/2025\/10\/5Domaine-du-Heron-Bleu-Maman-et-Canneton-1-1024x685.jpg?strip=info&#038;w=900&#038;ssl=1 900w,https:\/\/i0.wp.com\/chaletssurlefleuve.com\/wp-content\/uploads\/2025\/10\/5Domaine-du-Heron-Bleu-Maman-et-Canneton-1-1024x685.jpg?strip=info&#038;w=1200&#038;ssl=1 1200w,https:\/\/i0.wp.com\/chaletssurlefleuve.com\/wp-content\/uploads\/2025\/10\/5Domaine-du-Heron-Bleu-Maman-et-Canneton-1-1024x685.jpg?strip=info&#038;w=1500&#038;ssl=1 1500w,https:\/\/i0.wp.com\/chaletssurlefleuve.com\/wp-content\/uploads\/2025\/10\/5Domaine-du-Heron-Bleu-Maman-et-Canneton-1-1024x685.jpg?strip=info&#038;w=1800&#038;ssl=1 1800w,https:\/\/i0.wp.com\/chaletssurlefleuve.com\/wp-content\/uploads\/2025\/10\/5Domaine-du-Heron-Bleu-Maman-et-Canneton-1-1024x685.jpg?strip=info&#038;w=2000&#038;ssl=1 2000w\" alt=\"\" data-height=\"1714\" data-id=\"717\" data-link=\"https:\/\/chaletssurlefleuve.com\/michel-croisetiere-5\/\" data-url=\"https:\/\/chaletssurlefleuve.com\/wp-content\/uploads\/2025\/10\/5Domaine-du-Heron-Bleu-Maman-et-Canneton-1-1024x685.jpg\" data-width=\"2560\" src=\"https:\/\/i0.wp.com\/chaletssurlefleuve.com\/wp-content\/uploads\/2025\/10\/5Domaine-du-Heron-Bleu-Maman-et-Canneton-1-1024x685.jpg?ssl=1\" data-amp-layout=\"responsive\"\/><\/figure><\/div><\/div><div class=\"tiled-gallery__row\"><div class=\"tiled-gallery__col\" style=\"flex-basis:18.22867%\"><figure class=\"tiled-gallery__item\"><img data-recalc-dims=\"1\" decoding=\"async\" data-attachment-id=\"708\" data-permalink=\"https:\/\/chaletssurlefleuve.com\/francais\/pointemichel-094914-edit-edit\/\" data-orig-file=\"https:\/\/i0.wp.com\/chaletssurlefleuve.com\/wp-content\/uploads\/2025\/10\/PointeMichel-094914-Edit-Edit.jpg?fit=%2C&amp;ssl=1\" data-orig-size=\"\" data-comments-opened=\"0\" data-image-meta=\"[]\" data-image-title=\"PointeMichel-094914-Edit-Edit\" data-image-description=\"\" data-image-caption=\"\" data-medium-file=\"https:\/\/i0.wp.com\/chaletssurlefleuve.com\/wp-content\/uploads\/2025\/10\/PointeMichel-094914-Edit-Edit.jpg?fit=300%2C300&amp;ssl=1\" data-large-file=\"https:\/\/i0.wp.com\/chaletssurlefleuve.com\/wp-content\/uploads\/2025\/10\/PointeMichel-094914-Edit-Edit.jpg?fit=1024%2C1024&amp;ssl=1\" alt=\"\" data-id=\"708\" data-link=\"https:\/\/chaletssurlefleuve.com\/pointemichel-094914-edit-edit\/\" data-url=\"https:\/\/chaletssurlefleuve.com\/wp-content\/uploads\/2025\/10\/PointeMichel-094914-Edit-Edit.jpg\" src=\"https:\/\/i0.wp.com\/chaletssurlefleuve.com\/wp-content\/uploads\/2025\/10\/PointeMichel-094914-Edit-Edit.jpg?w=800&#038;ssl=1\" data-amp-layout=\"responsive\"\/><\/figure><\/div><div class=\"tiled-gallery__col\" style=\"flex-basis:27.31517%\"><figure class=\"tiled-gallery__item\"><img decoding=\"async\" data-attachment-id=\"714\" data-permalink=\"https:\/\/chaletssurlefleuve.com\/francais\/noel2009-4418\/\" data-orig-file=\"https:\/\/i0.wp.com\/chaletssurlefleuve.com\/wp-content\/uploads\/2025\/10\/Noel2009-4418-scaled.jpg?fit=2560%2C1703&amp;ssl=1\" data-orig-size=\"2560,1703\" data-comments-opened=\"0\" data-image-meta=\"{&quot;aperture&quot;:&quot;1.4&quot;,&quot;credit&quot;:&quot;Jacques Grilli&quot;,&quot;camera&quot;:&quot;NIKON D700&quot;,&quot;caption&quot;:&quot;&quot;,&quot;created_timestamp&quot;:&quot;1262324143&quot;,&quot;copyright&quot;:&quot;Jacques Grilli&quot;,&quot;focal_length&quot;:&quot;85&quot;,&quot;iso&quot;:&quot;6400&quot;,&quot;shutter_speed&quot;:&quot;0.033333333333333&quot;,&quot;title&quot;:&quot;&quot;,&quot;orientation&quot;:&quot;0&quot;}\" data-image-title=\"Noel2009-4418\" data-image-description=\"\" data-image-caption=\"\" data-medium-file=\"https:\/\/i0.wp.com\/chaletssurlefleuve.com\/wp-content\/uploads\/2025\/10\/Noel2009-4418-scaled.jpg?fit=300%2C200&amp;ssl=1\" data-large-file=\"https:\/\/i0.wp.com\/chaletssurlefleuve.com\/wp-content\/uploads\/2025\/10\/Noel2009-4418-scaled.jpg?fit=800%2C532&amp;ssl=1\" role=\"button\" tabindex=\"0\" aria-label=\"Open image 4 of 7 in full-screen\" srcset=\"https:\/\/i0.wp.com\/chaletssurlefleuve.com\/wp-content\/uploads\/2025\/10\/Noel2009-4418-1024x681.jpg?strip=info&#038;w=600&#038;ssl=1 600w,https:\/\/i0.wp.com\/chaletssurlefleuve.com\/wp-content\/uploads\/2025\/10\/Noel2009-4418-1024x681.jpg?strip=info&#038;w=900&#038;ssl=1 900w,https:\/\/i0.wp.com\/chaletssurlefleuve.com\/wp-content\/uploads\/2025\/10\/Noel2009-4418-1024x681.jpg?strip=info&#038;w=1200&#038;ssl=1 1200w,https:\/\/i0.wp.com\/chaletssurlefleuve.com\/wp-content\/uploads\/2025\/10\/Noel2009-4418-1024x681.jpg?strip=info&#038;w=1500&#038;ssl=1 1500w,https:\/\/i0.wp.com\/chaletssurlefleuve.com\/wp-content\/uploads\/2025\/10\/Noel2009-4418-1024x681.jpg?strip=info&#038;w=1800&#038;ssl=1 1800w,https:\/\/i0.wp.com\/chaletssurlefleuve.com\/wp-content\/uploads\/2025\/10\/Noel2009-4418-1024x681.jpg?strip=info&#038;w=2000&#038;ssl=1 2000w\" alt=\"\" data-height=\"1703\" data-id=\"714\" data-link=\"https:\/\/chaletssurlefleuve.com\/noel2009-4418\/\" data-url=\"https:\/\/chaletssurlefleuve.com\/wp-content\/uploads\/2025\/10\/Noel2009-4418-1024x681.jpg\" data-width=\"2560\" src=\"https:\/\/i0.wp.com\/chaletssurlefleuve.com\/wp-content\/uploads\/2025\/10\/Noel2009-4418-1024x681.jpg?ssl=1\" data-amp-layout=\"responsive\"\/><\/figure><\/div><div class=\"tiled-gallery__col\" style=\"flex-basis:27.31517%\"><figure class=\"tiled-gallery__item\"><img decoding=\"async\" data-attachment-id=\"689\" data-permalink=\"https:\/\/chaletssurlefleuve.com\/francais\/pointe-1871\/\" data-orig-file=\"https:\/\/i0.wp.com\/chaletssurlefleuve.com\/wp-content\/uploads\/2025\/10\/Pointe-1871-scaled.jpg?fit=2560%2C1703&amp;ssl=1\" data-orig-size=\"2560,1703\" data-comments-opened=\"0\" data-image-meta=\"{&quot;aperture&quot;:&quot;2.8&quot;,&quot;credit&quot;:&quot;Jacques Grilli&quot;,&quot;camera&quot;:&quot;NIKON D3S&quot;,&quot;caption&quot;:&quot;&quot;,&quot;created_timestamp&quot;:&quot;1339879140&quot;,&quot;copyright&quot;:&quot;Jacques Grilli&quot;,&quot;focal_length&quot;:&quot;35&quot;,&quot;iso&quot;:&quot;320&quot;,&quot;shutter_speed&quot;:&quot;0.008&quot;,&quot;title&quot;:&quot;&quot;,&quot;orientation&quot;:&quot;0&quot;}\" data-image-title=\"Pointe-1871\" data-image-description=\"\" data-image-caption=\"\" data-medium-file=\"https:\/\/i0.wp.com\/chaletssurlefleuve.com\/wp-content\/uploads\/2025\/10\/Pointe-1871-scaled.jpg?fit=300%2C200&amp;ssl=1\" data-large-file=\"https:\/\/i0.wp.com\/chaletssurlefleuve.com\/wp-content\/uploads\/2025\/10\/Pointe-1871-scaled.jpg?fit=800%2C532&amp;ssl=1\" role=\"button\" tabindex=\"0\" aria-label=\"Open image 5 of 7 in full-screen\" srcset=\"https:\/\/i0.wp.com\/chaletssurlefleuve.com\/wp-content\/uploads\/2025\/10\/Pointe-1871-1024x681.jpg?strip=info&#038;w=600&#038;ssl=1 600w,https:\/\/i0.wp.com\/chaletssurlefleuve.com\/wp-content\/uploads\/2025\/10\/Pointe-1871-1024x681.jpg?strip=info&#038;w=900&#038;ssl=1 900w,https:\/\/i0.wp.com\/chaletssurlefleuve.com\/wp-content\/uploads\/2025\/10\/Pointe-1871-1024x681.jpg?strip=info&#038;w=1200&#038;ssl=1 1200w,https:\/\/i0.wp.com\/chaletssurlefleuve.com\/wp-content\/uploads\/2025\/10\/Pointe-1871-1024x681.jpg?strip=info&#038;w=1500&#038;ssl=1 1500w,https:\/\/i0.wp.com\/chaletssurlefleuve.com\/wp-content\/uploads\/2025\/10\/Pointe-1871-1024x681.jpg?strip=info&#038;w=1800&#038;ssl=1 1800w,https:\/\/i0.wp.com\/chaletssurlefleuve.com\/wp-content\/uploads\/2025\/10\/Pointe-1871-1024x681.jpg?strip=info&#038;w=2000&#038;ssl=1 2000w\" alt=\"\" data-height=\"1703\" data-id=\"689\" data-link=\"https:\/\/chaletssurlefleuve.com\/pointe-1871\/\" data-url=\"https:\/\/chaletssurlefleuve.com\/wp-content\/uploads\/2025\/10\/Pointe-1871-1024x681.jpg\" data-width=\"2560\" src=\"https:\/\/i0.wp.com\/chaletssurlefleuve.com\/wp-content\/uploads\/2025\/10\/Pointe-1871-1024x681.jpg?ssl=1\" data-amp-layout=\"responsive\"\/><\/figure><\/div><div class=\"tiled-gallery__col\" style=\"flex-basis:27.14098%\"><figure class=\"tiled-gallery__item\"><img decoding=\"async\" data-attachment-id=\"710\" data-permalink=\"https:\/\/chaletssurlefleuve.com\/francais\/pointelogos-0003\/\" data-orig-file=\"https:\/\/i0.wp.com\/chaletssurlefleuve.com\/wp-content\/uploads\/2025\/10\/PointeLogos-0003-scaled.jpg?fit=2560%2C1714&amp;ssl=1\" data-orig-size=\"2560,1714\" data-comments-opened=\"0\" data-image-meta=\"{&quot;aperture&quot;:&quot;9&quot;,&quot;credit&quot;:&quot;Jacques Grilli&quot;,&quot;camera&quot;:&quot;NIKON D40X&quot;,&quot;caption&quot;:&quot;&quot;,&quot;created_timestamp&quot;:&quot;1201455021&quot;,&quot;copyright&quot;:&quot;Jacques Grilli&quot;,&quot;focal_length&quot;:&quot;30&quot;,&quot;iso&quot;:&quot;100&quot;,&quot;shutter_speed&quot;:&quot;0.003125&quot;,&quot;title&quot;:&quot;&quot;,&quot;orientation&quot;:&quot;0&quot;}\" data-image-title=\"PointeLogos-0003\" data-image-description=\"\" data-image-caption=\"\" data-medium-file=\"https:\/\/i0.wp.com\/chaletssurlefleuve.com\/wp-content\/uploads\/2025\/10\/PointeLogos-0003-scaled.jpg?fit=300%2C201&amp;ssl=1\" data-large-file=\"https:\/\/i0.wp.com\/chaletssurlefleuve.com\/wp-content\/uploads\/2025\/10\/PointeLogos-0003-scaled.jpg?fit=800%2C535&amp;ssl=1\" role=\"button\" tabindex=\"0\" aria-label=\"Open image 6 of 7 in full-screen\" srcset=\"https:\/\/i0.wp.com\/chaletssurlefleuve.com\/wp-content\/uploads\/2025\/10\/PointeLogos-0003-1024x685.jpg?strip=info&#038;w=600&#038;ssl=1 600w,https:\/\/i0.wp.com\/chaletssurlefleuve.com\/wp-content\/uploads\/2025\/10\/PointeLogos-0003-1024x685.jpg?strip=info&#038;w=900&#038;ssl=1 900w,https:\/\/i0.wp.com\/chaletssurlefleuve.com\/wp-content\/uploads\/2025\/10\/PointeLogos-0003-1024x685.jpg?strip=info&#038;w=1200&#038;ssl=1 1200w,https:\/\/i0.wp.com\/chaletssurlefleuve.com\/wp-content\/uploads\/2025\/10\/PointeLogos-0003-1024x685.jpg?strip=info&#038;w=1500&#038;ssl=1 1500w,https:\/\/i0.wp.com\/chaletssurlefleuve.com\/wp-content\/uploads\/2025\/10\/PointeLogos-0003-1024x685.jpg?strip=info&#038;w=1800&#038;ssl=1 1800w,https:\/\/i0.wp.com\/chaletssurlefleuve.com\/wp-content\/uploads\/2025\/10\/PointeLogos-0003-1024x685.jpg?strip=info&#038;w=2000&#038;ssl=1 2000w\" alt=\"\" data-height=\"1714\" data-id=\"710\" data-link=\"https:\/\/chaletssurlefleuve.com\/pointelogos-0003\/\" data-url=\"https:\/\/chaletssurlefleuve.com\/wp-content\/uploads\/2025\/10\/PointeLogos-0003-1024x685.jpg\" data-width=\"2560\" src=\"https:\/\/i0.wp.com\/chaletssurlefleuve.com\/wp-content\/uploads\/2025\/10\/PointeLogos-0003-1024x685.jpg?ssl=1\" data-amp-layout=\"responsive\"\/><\/figure><\/div><\/div><\/div><\/div><\/div>","protected":false},"excerpt":{"rendered":"<p>Enjoy every season on the Saint-Louis River. In summer, go hiking, cycling, birdwatching, or relax by a campfire under the stars. In winter, try cross-country skiing, ice skating, or ice fishing for a true Canadian experience.<\/p>","protected":false},"author":1,"featured_media":669,"parent":348,"menu_order":3,"comment_status":"closed","ping_status":"closed","template":"","meta":{"inline_featured_image":false,"footnotes":""},"class_list":["post-347","page","type-page","status-publish","has-post-thumbnail","hentry"],"aioseo_notices":[],"jetpack_sharing_enabled":true,"_links":{"self":[{"href":"https:\/\/chaletssurlefleuve.com\/francais\/wp-json\/wp\/v2\/pages\/347","targetHints":{"allow":["GET"]}}],"collection":[{"href":"https:\/\/chaletssurlefleuve.com\/francais\/wp-json\/wp\/v2\/pages"}],"about":[{"href":"https:\/\/chaletssurlefleuve.com\/francais\/wp-json\/wp\/v2\/types\/page"}],"author":[{"embeddable":true,"href":"https:\/\/chaletssurlefleuve.com\/francais\/wp-json\/wp\/v2\/users\/1"}],"replies":[{"embeddable":true,"href":"https:\/\/chaletssurlefleuve.com\/francais\/wp-json\/wp\/v2\/comments?post=347"}],"version-history":[{"count":3,"href":"https:\/\/chaletssurlefleuve.com\/francais\/wp-json\/wp\/v2\/pages\/347\/revisions"}],"predecessor-version":[{"id":720,"href":"https:\/\/chaletssurlefleuve.com\/francais\/wp-json\/wp\/v2\/pages\/347\/revisions\/720"}],"up":[{"embeddable":true,"href":"https:\/\/chaletssurlefleuve.com\/francais\/wp-json\/wp\/v2\/pages\/348"}],"wp:featuredmedia":[{"embeddable":true,"href":"https:\/\/chaletssurlefleuve.com\/francais\/wp-json\/wp\/v2\/media\/669"}],"wp:attachment":[{"href":"https:\/\/chaletssurlefleuve.com\/francais\/wp-json\/wp\/v2\/media?parent=347"}],"curies":[{"name":"wp","href":"https:\/\/api.w.org\/{rel}","templated":true}]}}