{"id":349,"date":"2018-06-28T11:59:54","date_gmt":"2018-06-28T11:59:54","guid":{"rendered":"https:\/\/themes.getmotopress.com\/mountainview\/?page_id=18"},"modified":"2025-10-07T15:27:50","modified_gmt":"2025-10-07T15:27:50","slug":"private-dock","status":"publish","type":"page","link":"https:\/\/chaletssurlefleuve.com\/francais\/home\/activities\/private-dock\/","title":{"rendered":"Quai priv\u00e9"},"content":{"rendered":"<p>Dans le cadre de votre s\u00e9jour, vous aurez acc\u00e8s <strong>gratuitement \u00e0 un quai priv\u00e9<\/strong> sur le magnifique <strong>lac Saint-Louis<\/strong>\u2014l\u2019endroit id\u00e9al pour profiter pleinement de votre temps au bord de l\u2019eau.<\/p>\n\n\n\n<!--more Take a Tour-->\n\n\n\n<p>Apportez votre propre embarcation et amarrez-la en toute s\u00e9curit\u00e9, lancez votre ligne pour une s\u00e9ance de p\u00eache tranquille ou trempez simplement vos pieds pour savourer la fra\u00eecheur de l\u2019eau par une chaude apr\u00e8s-midi. Le quai est aussi un lieu privil\u00e9gi\u00e9 pour admirer le lever du soleil, observer la faune le long de la rive ou vous d\u00e9tendre en fin de journ\u00e9e devant un superbe coucher de soleil sur la rivi\u00e8re.<\/p>\n\n\n\n<p>Que vous recherchiez la <strong>d\u00e9tente ou l\u2019aventure<\/strong>, le quai est votre porte d\u2019entr\u00e9e vers la beaut\u00e9 naturelle et la qui\u00e9tude de la rivi\u00e8re Saint-Louis \u2014 parfait pour les familles, les amis et tous les amoureux de l\u2019eau.<\/p>\n\n\n\n<div class=\"wp-block-jetpack-tiled-gallery aligncenter is-style-rectangular\"><div class=\"\"><div class=\"tiled-gallery__gallery\"><div class=\"tiled-gallery__row\"><div class=\"tiled-gallery__col\" style=\"flex-basis:68.87637%\"><figure class=\"tiled-gallery__item\"><img decoding=\"async\" data-attachment-id=\"671\" data-permalink=\"https:\/\/chaletssurlefleuve.com\/francais\/pointe1770\/\" data-orig-file=\"https:\/\/i0.wp.com\/chaletssurlefleuve.com\/wp-content\/uploads\/2025\/10\/Pointe1770-scaled.jpg?fit=2560%2C1708&amp;ssl=1\" data-orig-size=\"2560,1708\" data-comments-opened=\"0\" data-image-meta=\"{&quot;aperture&quot;:&quot;22&quot;,&quot;credit&quot;:&quot;Jacques Grilli&quot;,&quot;camera&quot;:&quot;NIKON D810&quot;,&quot;caption&quot;:&quot;&quot;,&quot;created_timestamp&quot;:&quot;1506801946&quot;,&quot;copyright&quot;:&quot;Jacques Grilli&quot;,&quot;focal_length&quot;:&quot;86&quot;,&quot;iso&quot;:&quot;200&quot;,&quot;shutter_speed&quot;:&quot;0.016666666666667&quot;,&quot;title&quot;:&quot;&quot;,&quot;orientation&quot;:&quot;0&quot;}\" data-image-title=\"Pointe1770\" data-image-description=\"\" data-image-caption=\"\" data-medium-file=\"https:\/\/i0.wp.com\/chaletssurlefleuve.com\/wp-content\/uploads\/2025\/10\/Pointe1770-scaled.jpg?fit=300%2C200&amp;ssl=1\" data-large-file=\"https:\/\/i0.wp.com\/chaletssurlefleuve.com\/wp-content\/uploads\/2025\/10\/Pointe1770-scaled.jpg?fit=800%2C534&amp;ssl=1\" role=\"button\" tabindex=\"0\" aria-label=\"Open image 1 of 6 in full-screen\" srcset=\"https:\/\/i0.wp.com\/chaletssurlefleuve.com\/wp-content\/uploads\/2025\/10\/Pointe1770-1024x683.jpg?strip=info&#038;w=600&#038;ssl=1 600w,https:\/\/i0.wp.com\/chaletssurlefleuve.com\/wp-content\/uploads\/2025\/10\/Pointe1770-1024x683.jpg?strip=info&#038;w=900&#038;ssl=1 900w,https:\/\/i0.wp.com\/chaletssurlefleuve.com\/wp-content\/uploads\/2025\/10\/Pointe1770-1024x683.jpg?strip=info&#038;w=1200&#038;ssl=1 1200w,https:\/\/i0.wp.com\/chaletssurlefleuve.com\/wp-content\/uploads\/2025\/10\/Pointe1770-1024x683.jpg?strip=info&#038;w=1500&#038;ssl=1 1500w,https:\/\/i0.wp.com\/chaletssurlefleuve.com\/wp-content\/uploads\/2025\/10\/Pointe1770-1024x683.jpg?strip=info&#038;w=1800&#038;ssl=1 1800w,https:\/\/i0.wp.com\/chaletssurlefleuve.com\/wp-content\/uploads\/2025\/10\/Pointe1770-1024x683.jpg?strip=info&#038;w=2000&#038;ssl=1 2000w\" alt=\"\" data-height=\"1708\" data-id=\"671\" data-link=\"https:\/\/chaletssurlefleuve.com\/pointe1770\/\" data-url=\"https:\/\/chaletssurlefleuve.com\/wp-content\/uploads\/2025\/10\/Pointe1770-1024x683.jpg\" data-width=\"2560\" src=\"https:\/\/i0.wp.com\/chaletssurlefleuve.com\/wp-content\/uploads\/2025\/10\/Pointe1770-1024x683.jpg?ssl=1\" data-amp-layout=\"responsive\"\/><\/figure><\/div><div class=\"tiled-gallery__col\" style=\"flex-basis:31.12363%\"><figure class=\"tiled-gallery__item\"><img decoding=\"async\" data-attachment-id=\"669\" data-permalink=\"https:\/\/chaletssurlefleuve.com\/francais\/michel-croisetiere\/\" data-orig-file=\"https:\/\/i0.wp.com\/chaletssurlefleuve.com\/wp-content\/uploads\/2025\/10\/2Domaine-du-Heron-Bleu-envol-aigrette-scaled.jpg?fit=2560%2C1714&amp;ssl=1\" data-orig-size=\"2560,1714\" data-comments-opened=\"0\" data-image-meta=\"{&quot;aperture&quot;:&quot;5.6&quot;,&quot;credit&quot;:&quot;Jacques Grilli&quot;,&quot;camera&quot;:&quot;NIKON D40X&quot;,&quot;caption&quot;:&quot;Michel Croisetiere&quot;,&quot;created_timestamp&quot;:&quot;1282330841&quot;,&quot;copyright&quot;:&quot;Jacques Grilli&quot;,&quot;focal_length&quot;:&quot;300&quot;,&quot;iso&quot;:&quot;200&quot;,&quot;shutter_speed&quot;:&quot;0.001&quot;,&quot;title&quot;:&quot;Michel Croisetiere&quot;,&quot;orientation&quot;:&quot;0&quot;}\" data-image-title=\"Michel Croisetiere\" data-image-description=\"\" data-image-caption=\"&lt;p&gt;Michel Croisetiere&lt;\/p&gt;\" data-medium-file=\"https:\/\/i0.wp.com\/chaletssurlefleuve.com\/wp-content\/uploads\/2025\/10\/2Domaine-du-Heron-Bleu-envol-aigrette-scaled.jpg?fit=300%2C201&amp;ssl=1\" data-large-file=\"https:\/\/i0.wp.com\/chaletssurlefleuve.com\/wp-content\/uploads\/2025\/10\/2Domaine-du-Heron-Bleu-envol-aigrette-scaled.jpg?fit=800%2C535&amp;ssl=1\" role=\"button\" tabindex=\"0\" aria-label=\"Open image 2 of 6 in full-screen\" srcset=\"https:\/\/i0.wp.com\/chaletssurlefleuve.com\/wp-content\/uploads\/2025\/10\/2Domaine-du-Heron-Bleu-envol-aigrette-1024x685.jpg?strip=info&#038;w=600&#038;ssl=1 600w,https:\/\/i0.wp.com\/chaletssurlefleuve.com\/wp-content\/uploads\/2025\/10\/2Domaine-du-Heron-Bleu-envol-aigrette-1024x685.jpg?strip=info&#038;w=900&#038;ssl=1 900w,https:\/\/i0.wp.com\/chaletssurlefleuve.com\/wp-content\/uploads\/2025\/10\/2Domaine-du-Heron-Bleu-envol-aigrette-1024x685.jpg?strip=info&#038;w=1200&#038;ssl=1 1200w,https:\/\/i0.wp.com\/chaletssurlefleuve.com\/wp-content\/uploads\/2025\/10\/2Domaine-du-Heron-Bleu-envol-aigrette-1024x685.jpg?strip=info&#038;w=1500&#038;ssl=1 1500w,https:\/\/i0.wp.com\/chaletssurlefleuve.com\/wp-content\/uploads\/2025\/10\/2Domaine-du-Heron-Bleu-envol-aigrette-1024x685.jpg?strip=info&#038;w=1800&#038;ssl=1 1800w,https:\/\/i0.wp.com\/chaletssurlefleuve.com\/wp-content\/uploads\/2025\/10\/2Domaine-du-Heron-Bleu-envol-aigrette-1024x685.jpg?strip=info&#038;w=2000&#038;ssl=1 2000w\" alt=\"\" data-height=\"1714\" data-id=\"669\" data-link=\"https:\/\/chaletssurlefleuve.com\/michel-croisetiere\/\" data-url=\"https:\/\/chaletssurlefleuve.com\/wp-content\/uploads\/2025\/10\/2Domaine-du-Heron-Bleu-envol-aigrette-1024x685.jpg\" data-width=\"2560\" src=\"https:\/\/i0.wp.com\/chaletssurlefleuve.com\/wp-content\/uploads\/2025\/10\/2Domaine-du-Heron-Bleu-envol-aigrette-1024x685.jpg?ssl=1\" data-amp-layout=\"responsive\"\/><\/figure><figure class=\"tiled-gallery__item\"><img decoding=\"async\" data-attachment-id=\"675\" data-permalink=\"https:\/\/chaletssurlefleuve.com\/francais\/chalets-6014\/\" data-orig-file=\"https:\/\/i0.wp.com\/chaletssurlefleuve.com\/wp-content\/uploads\/2025\/10\/Chalets-6014-scaled.jpg?fit=2560%2C2048&amp;ssl=1\" data-orig-size=\"2560,2048\" data-comments-opened=\"0\" data-image-meta=\"{&quot;aperture&quot;:&quot;8&quot;,&quot;credit&quot;:&quot;Jacques Grilli&quot;,&quot;camera&quot;:&quot;NIKON D700&quot;,&quot;caption&quot;:&quot;&quot;,&quot;created_timestamp&quot;:&quot;1274560945&quot;,&quot;copyright&quot;:&quot;Jacques Grilli&quot;,&quot;focal_length&quot;:&quot;200&quot;,&quot;iso&quot;:&quot;200&quot;,&quot;shutter_speed&quot;:&quot;0.00625&quot;,&quot;title&quot;:&quot;&quot;,&quot;orientation&quot;:&quot;0&quot;}\" data-image-title=\"Chalets-6014\" data-image-description=\"\" data-image-caption=\"\" data-medium-file=\"https:\/\/i0.wp.com\/chaletssurlefleuve.com\/wp-content\/uploads\/2025\/10\/Chalets-6014-scaled.jpg?fit=300%2C240&amp;ssl=1\" data-large-file=\"https:\/\/i0.wp.com\/chaletssurlefleuve.com\/wp-content\/uploads\/2025\/10\/Chalets-6014-scaled.jpg?fit=800%2C640&amp;ssl=1\" role=\"button\" tabindex=\"0\" aria-label=\"Open image 3 of 6 in full-screen\" srcset=\"https:\/\/i0.wp.com\/chaletssurlefleuve.com\/wp-content\/uploads\/2025\/10\/Chalets-6014-1024x819.jpg?strip=info&#038;w=600&#038;ssl=1 600w,https:\/\/i0.wp.com\/chaletssurlefleuve.com\/wp-content\/uploads\/2025\/10\/Chalets-6014-1024x819.jpg?strip=info&#038;w=900&#038;ssl=1 900w,https:\/\/i0.wp.com\/chaletssurlefleuve.com\/wp-content\/uploads\/2025\/10\/Chalets-6014-1024x819.jpg?strip=info&#038;w=1200&#038;ssl=1 1200w,https:\/\/i0.wp.com\/chaletssurlefleuve.com\/wp-content\/uploads\/2025\/10\/Chalets-6014-1024x819.jpg?strip=info&#038;w=1500&#038;ssl=1 1500w,https:\/\/i0.wp.com\/chaletssurlefleuve.com\/wp-content\/uploads\/2025\/10\/Chalets-6014-1024x819.jpg?strip=info&#038;w=1800&#038;ssl=1 1800w,https:\/\/i0.wp.com\/chaletssurlefleuve.com\/wp-content\/uploads\/2025\/10\/Chalets-6014-1024x819.jpg?strip=info&#038;w=2000&#038;ssl=1 2000w\" alt=\"\" data-height=\"2048\" data-id=\"675\" data-link=\"https:\/\/chaletssurlefleuve.com\/chalets-6014\/\" data-url=\"https:\/\/chaletssurlefleuve.com\/wp-content\/uploads\/2025\/10\/Chalets-6014-1024x819.jpg\" data-width=\"2560\" src=\"https:\/\/i0.wp.com\/chaletssurlefleuve.com\/wp-content\/uploads\/2025\/10\/Chalets-6014-1024x819.jpg?ssl=1\" data-amp-layout=\"responsive\"\/><\/figure><\/div><\/div><div class=\"tiled-gallery__row\"><div class=\"tiled-gallery__col\" style=\"flex-basis:33.23629%\"><figure class=\"tiled-gallery__item\"><img decoding=\"async\" data-attachment-id=\"673\" data-permalink=\"https:\/\/chaletssurlefleuve.com\/francais\/chalets-6166\/\" data-orig-file=\"https:\/\/i0.wp.com\/chaletssurlefleuve.com\/wp-content\/uploads\/2025\/10\/Chalets-6166-scaled.jpg?fit=2560%2C1703&amp;ssl=1\" data-orig-size=\"2560,1703\" data-comments-opened=\"0\" data-image-meta=\"{&quot;aperture&quot;:&quot;7.1&quot;,&quot;credit&quot;:&quot;Jacques Grilli&quot;,&quot;camera&quot;:&quot;NIKON D700&quot;,&quot;caption&quot;:&quot;&quot;,&quot;created_timestamp&quot;:&quot;1274626790&quot;,&quot;copyright&quot;:&quot;Jacques Grilli&quot;,&quot;focal_length&quot;:&quot;85&quot;,&quot;iso&quot;:&quot;200&quot;,&quot;shutter_speed&quot;:&quot;0.0008&quot;,&quot;title&quot;:&quot;&quot;,&quot;orientation&quot;:&quot;0&quot;}\" data-image-title=\"Chalets-6166\" data-image-description=\"\" data-image-caption=\"\" data-medium-file=\"https:\/\/i0.wp.com\/chaletssurlefleuve.com\/wp-content\/uploads\/2025\/10\/Chalets-6166-scaled.jpg?fit=300%2C200&amp;ssl=1\" data-large-file=\"https:\/\/i0.wp.com\/chaletssurlefleuve.com\/wp-content\/uploads\/2025\/10\/Chalets-6166-scaled.jpg?fit=800%2C532&amp;ssl=1\" role=\"button\" tabindex=\"0\" aria-label=\"Open image 4 of 6 in full-screen\" srcset=\"https:\/\/i0.wp.com\/chaletssurlefleuve.com\/wp-content\/uploads\/2025\/10\/Chalets-6166-1024x681.jpg?strip=info&#038;w=600&#038;ssl=1 600w,https:\/\/i0.wp.com\/chaletssurlefleuve.com\/wp-content\/uploads\/2025\/10\/Chalets-6166-1024x681.jpg?strip=info&#038;w=900&#038;ssl=1 900w,https:\/\/i0.wp.com\/chaletssurlefleuve.com\/wp-content\/uploads\/2025\/10\/Chalets-6166-1024x681.jpg?strip=info&#038;w=1200&#038;ssl=1 1200w,https:\/\/i0.wp.com\/chaletssurlefleuve.com\/wp-content\/uploads\/2025\/10\/Chalets-6166-1024x681.jpg?strip=info&#038;w=1500&#038;ssl=1 1500w,https:\/\/i0.wp.com\/chaletssurlefleuve.com\/wp-content\/uploads\/2025\/10\/Chalets-6166-1024x681.jpg?strip=info&#038;w=1800&#038;ssl=1 1800w,https:\/\/i0.wp.com\/chaletssurlefleuve.com\/wp-content\/uploads\/2025\/10\/Chalets-6166-1024x681.jpg?strip=info&#038;w=2000&#038;ssl=1 2000w\" alt=\"\" data-height=\"1703\" data-id=\"673\" data-link=\"https:\/\/chaletssurlefleuve.com\/chalets-6166\/\" data-url=\"https:\/\/chaletssurlefleuve.com\/wp-content\/uploads\/2025\/10\/Chalets-6166-1024x681.jpg\" data-width=\"2560\" src=\"https:\/\/i0.wp.com\/chaletssurlefleuve.com\/wp-content\/uploads\/2025\/10\/Chalets-6166-1024x681.jpg?ssl=1\" data-amp-layout=\"responsive\"\/><\/figure><figure class=\"tiled-gallery__item\"><img decoding=\"async\" data-attachment-id=\"672\" data-permalink=\"https:\/\/chaletssurlefleuve.com\/francais\/pointe-1159\/\" data-orig-file=\"https:\/\/i0.wp.com\/chaletssurlefleuve.com\/wp-content\/uploads\/2025\/10\/Pointe-1159-scaled.jpg?fit=2560%2C1707&amp;ssl=1\" data-orig-size=\"2560,1707\" data-comments-opened=\"0\" data-image-meta=\"{&quot;aperture&quot;:&quot;16&quot;,&quot;credit&quot;:&quot;JacquesGrilli&quot;,&quot;camera&quot;:&quot;NIKON Z 8&quot;,&quot;caption&quot;:&quot;&quot;,&quot;created_timestamp&quot;:&quot;1720888972&quot;,&quot;copyright&quot;:&quot;COPYRIGHT 2024 JACQUES GRILLI ALL RIGHTS RESERVED&quot;,&quot;focal_length&quot;:&quot;50&quot;,&quot;iso&quot;:&quot;100&quot;,&quot;shutter_speed&quot;:&quot;0.0125&quot;,&quot;title&quot;:&quot;&quot;,&quot;orientation&quot;:&quot;0&quot;}\" data-image-title=\"Pointe-1159\" data-image-description=\"\" data-image-caption=\"\" data-medium-file=\"https:\/\/i0.wp.com\/chaletssurlefleuve.com\/wp-content\/uploads\/2025\/10\/Pointe-1159-scaled.jpg?fit=300%2C200&amp;ssl=1\" data-large-file=\"https:\/\/i0.wp.com\/chaletssurlefleuve.com\/wp-content\/uploads\/2025\/10\/Pointe-1159-scaled.jpg?fit=800%2C534&amp;ssl=1\" role=\"button\" tabindex=\"0\" aria-label=\"Open image 5 of 6 in full-screen\" srcset=\"https:\/\/i0.wp.com\/chaletssurlefleuve.com\/wp-content\/uploads\/2025\/10\/Pointe-1159-1024x683.jpg?strip=info&#038;w=600&#038;ssl=1 600w,https:\/\/i0.wp.com\/chaletssurlefleuve.com\/wp-content\/uploads\/2025\/10\/Pointe-1159-1024x683.jpg?strip=info&#038;w=900&#038;ssl=1 900w,https:\/\/i0.wp.com\/chaletssurlefleuve.com\/wp-content\/uploads\/2025\/10\/Pointe-1159-1024x683.jpg?strip=info&#038;w=1200&#038;ssl=1 1200w,https:\/\/i0.wp.com\/chaletssurlefleuve.com\/wp-content\/uploads\/2025\/10\/Pointe-1159-1024x683.jpg?strip=info&#038;w=1500&#038;ssl=1 1500w,https:\/\/i0.wp.com\/chaletssurlefleuve.com\/wp-content\/uploads\/2025\/10\/Pointe-1159-1024x683.jpg?strip=info&#038;w=1800&#038;ssl=1 1800w,https:\/\/i0.wp.com\/chaletssurlefleuve.com\/wp-content\/uploads\/2025\/10\/Pointe-1159-1024x683.jpg?strip=info&#038;w=2000&#038;ssl=1 2000w\" alt=\"\" data-height=\"1707\" data-id=\"672\" data-link=\"https:\/\/chaletssurlefleuve.com\/pointe-1159\/\" data-url=\"https:\/\/chaletssurlefleuve.com\/wp-content\/uploads\/2025\/10\/Pointe-1159-1024x683.jpg\" data-width=\"2560\" src=\"https:\/\/i0.wp.com\/chaletssurlefleuve.com\/wp-content\/uploads\/2025\/10\/Pointe-1159-1024x683.jpg?ssl=1\" data-amp-layout=\"responsive\"\/><\/figure><\/div><div class=\"tiled-gallery__col\" style=\"flex-basis:66.76371%\"><figure class=\"tiled-gallery__item\"><img decoding=\"async\" data-attachment-id=\"674\" data-permalink=\"https:\/\/chaletssurlefleuve.com\/francais\/ateliermax-0185\/\" data-orig-file=\"https:\/\/i0.wp.com\/chaletssurlefleuve.com\/wp-content\/uploads\/2025\/10\/AtelierMax-0185-scaled.jpg?fit=2560%2C1707&amp;ssl=1\" data-orig-size=\"2560,1707\" data-comments-opened=\"0\" data-image-meta=\"{&quot;aperture&quot;:&quot;5&quot;,&quot;credit&quot;:&quot;Jacques Grilli&quot;,&quot;camera&quot;:&quot;NIKON Z 8&quot;,&quot;caption&quot;:&quot;&quot;,&quot;created_timestamp&quot;:&quot;1690334353&quot;,&quot;copyright&quot;:&quot;Jacques Grilli2023&quot;,&quot;focal_length&quot;:&quot;24&quot;,&quot;iso&quot;:&quot;360&quot;,&quot;shutter_speed&quot;:&quot;0.003125&quot;,&quot;title&quot;:&quot;&quot;,&quot;orientation&quot;:&quot;0&quot;}\" data-image-title=\"AtelierMax-0185\" data-image-description=\"\" data-image-caption=\"\" data-medium-file=\"https:\/\/i0.wp.com\/chaletssurlefleuve.com\/wp-content\/uploads\/2025\/10\/AtelierMax-0185-scaled.jpg?fit=300%2C200&amp;ssl=1\" data-large-file=\"https:\/\/i0.wp.com\/chaletssurlefleuve.com\/wp-content\/uploads\/2025\/10\/AtelierMax-0185-scaled.jpg?fit=800%2C534&amp;ssl=1\" role=\"button\" tabindex=\"0\" aria-label=\"Open image 6 of 6 in full-screen\" srcset=\"https:\/\/i0.wp.com\/chaletssurlefleuve.com\/wp-content\/uploads\/2025\/10\/AtelierMax-0185-1024x683.jpg?strip=info&#038;w=600&#038;ssl=1 600w,https:\/\/i0.wp.com\/chaletssurlefleuve.com\/wp-content\/uploads\/2025\/10\/AtelierMax-0185-1024x683.jpg?strip=info&#038;w=900&#038;ssl=1 900w,https:\/\/i0.wp.com\/chaletssurlefleuve.com\/wp-content\/uploads\/2025\/10\/AtelierMax-0185-1024x683.jpg?strip=info&#038;w=1200&#038;ssl=1 1200w,https:\/\/i0.wp.com\/chaletssurlefleuve.com\/wp-content\/uploads\/2025\/10\/AtelierMax-0185-1024x683.jpg?strip=info&#038;w=1500&#038;ssl=1 1500w,https:\/\/i0.wp.com\/chaletssurlefleuve.com\/wp-content\/uploads\/2025\/10\/AtelierMax-0185-1024x683.jpg?strip=info&#038;w=1800&#038;ssl=1 1800w,https:\/\/i0.wp.com\/chaletssurlefleuve.com\/wp-content\/uploads\/2025\/10\/AtelierMax-0185-1024x683.jpg?strip=info&#038;w=2000&#038;ssl=1 2000w\" alt=\"\" data-height=\"1707\" data-id=\"674\" data-link=\"https:\/\/chaletssurlefleuve.com\/ateliermax-0185\/\" data-url=\"https:\/\/chaletssurlefleuve.com\/wp-content\/uploads\/2025\/10\/AtelierMax-0185-1024x683.jpg\" data-width=\"2560\" src=\"https:\/\/i0.wp.com\/chaletssurlefleuve.com\/wp-content\/uploads\/2025\/10\/AtelierMax-0185-1024x683.jpg?ssl=1\" data-amp-layout=\"responsive\"\/><\/figure><\/div><\/div><\/div><\/div><\/div>","protected":false},"excerpt":{"rendered":"<p>As part of your stay, you\u2019ll have free access to a private dock on the beautiful Saint-Louis River\u2014the perfect spot to make the most of your time by the water.<\/p>","protected":false},"author":1,"featured_media":674,"parent":348,"menu_order":0,"comment_status":"closed","ping_status":"closed","template":"template-page-no-sidebar.php","meta":{"inline_featured_image":false,"footnotes":""},"class_list":["post-349","page","type-page","status-publish","has-post-thumbnail","hentry"],"aioseo_notices":[],"jetpack_sharing_enabled":true,"_links":{"self":[{"href":"https:\/\/chaletssurlefleuve.com\/francais\/wp-json\/wp\/v2\/pages\/349","targetHints":{"allow":["GET"]}}],"collection":[{"href":"https:\/\/chaletssurlefleuve.com\/francais\/wp-json\/wp\/v2\/pages"}],"about":[{"href":"https:\/\/chaletssurlefleuve.com\/francais\/wp-json\/wp\/v2\/types\/page"}],"author":[{"embeddable":true,"href":"https:\/\/chaletssurlefleuve.com\/francais\/wp-json\/wp\/v2\/users\/1"}],"replies":[{"embeddable":true,"href":"https:\/\/chaletssurlefleuve.com\/francais\/wp-json\/wp\/v2\/comments?post=349"}],"version-history":[{"count":5,"href":"https:\/\/chaletssurlefleuve.com\/francais\/wp-json\/wp\/v2\/pages\/349\/revisions"}],"predecessor-version":[{"id":680,"href":"https:\/\/chaletssurlefleuve.com\/francais\/wp-json\/wp\/v2\/pages\/349\/revisions\/680"}],"up":[{"embeddable":true,"href":"https:\/\/chaletssurlefleuve.com\/francais\/wp-json\/wp\/v2\/pages\/348"}],"wp:featuredmedia":[{"embeddable":true,"href":"https:\/\/chaletssurlefleuve.com\/francais\/wp-json\/wp\/v2\/media\/674"}],"wp:attachment":[{"href":"https:\/\/chaletssurlefleuve.com\/francais\/wp-json\/wp\/v2\/media?parent=349"}],"curies":[{"name":"wp","href":"https:\/\/api.w.org\/{rel}","templated":true}]}}