{"id":35,"date":"2018-06-28T12:16:44","date_gmt":"2018-06-28T12:16:44","guid":{"rendered":"https:\/\/themes.getmotopress.com\/mountainview\/?page_id=35"},"modified":"2025-10-28T11:47:51","modified_gmt":"2025-10-28T11:47:51","slug":"home","status":"publish","type":"page","link":"https:\/\/chaletssurlefleuve.com\/francais\/","title":{"rendered":"Accueil"},"content":{"rendered":"<h2 class=\"wp-block-heading\">Bienvenue aux Chalets sur le Fleuve \u2013 Votre retraite au bord de la rivi\u00e8re<\/h2>\n\n\n\n<p>D\u00e9couvrez le m\u00e9lange parfait de tranquillit\u00e9, de nature et de confort moderne \u00e0 moins d'une heure de Montr\u00e9al.<\/p>\n\n\n\n<p>Notre histoire a commenc\u00e9 il y a plus d'un si\u00e8cle, lorsque ces charmants chalets ont \u00e9t\u00e9 construits pour servir de refuge aux amateurs de p\u00eache et de chasse. Dans les ann\u00e9es 1960, mon p\u00e8re a repris les r\u00eanes et a accueilli des familles en qu\u00eate d'\u00e9vasion loin de la vie urbaine. Au fil du temps, les chalets ont eu besoin d'entretien, et je me suis donn\u00e9 pour mission de pr\u00e9server leur charme tout en y ajoutant le confort d'aujourd'hui. Pourquoi ? Parce que cet endroit est unique et que je souhaite que d'autres connaissent la m\u00eame joie qu'il a apport\u00e9e \u00e0 ma famille pendant des g\u00e9n\u00e9rations.<\/p>\n\n\n\n<p>Que vous recherchiez des moments paisibles au bord de la rivi\u00e8re ou des aventures avec vos proches, nos chalets enti\u00e8rement \u00e9quip\u00e9s offrent quelque chose pour tout le monde.<\/p>\n\n\n<div class=\"wp-block-image\">\n<figure class=\"alignleft size-full\"><img data-recalc-dims=\"1\" loading=\"lazy\" decoding=\"async\" width=\"800\" height=\"309\" data-attachment-id=\"396\" data-permalink=\"https:\/\/chaletssurlefleuve.com\/francais\/chalets-ete\/\" data-orig-file=\"https:\/\/i0.wp.com\/chaletssurlefleuve.com\/wp-content\/uploads\/2025\/03\/chalets-ete.webp?fit=870%2C336&amp;ssl=1\" data-orig-size=\"870,336\" data-comments-opened=\"1\" data-image-meta=\"{&quot;aperture&quot;:&quot;0&quot;,&quot;credit&quot;:&quot;&quot;,&quot;camera&quot;:&quot;&quot;,&quot;caption&quot;:&quot;&quot;,&quot;created_timestamp&quot;:&quot;0&quot;,&quot;copyright&quot;:&quot;&quot;,&quot;focal_length&quot;:&quot;0&quot;,&quot;iso&quot;:&quot;0&quot;,&quot;shutter_speed&quot;:&quot;0&quot;,&quot;title&quot;:&quot;&quot;,&quot;orientation&quot;:&quot;0&quot;}\" data-image-title=\"chalets-ete\" data-image-description=\"\" data-image-caption=\"\" data-medium-file=\"https:\/\/i0.wp.com\/chaletssurlefleuve.com\/wp-content\/uploads\/2025\/03\/chalets-ete.webp?fit=300%2C116&amp;ssl=1\" data-large-file=\"https:\/\/i0.wp.com\/chaletssurlefleuve.com\/wp-content\/uploads\/2025\/03\/chalets-ete.webp?fit=800%2C309&amp;ssl=1\" src=\"https:\/\/i0.wp.com\/chaletssurlefleuve.com\/wp-content\/uploads\/2025\/03\/chalets-ete.webp?resize=800%2C309&#038;ssl=1\" alt=\"Cottages view from the Lake Saint-Louis\" class=\"wp-image-396\" title=\"Summer view of the chalets from the lake Saint-Louis\" srcset=\"https:\/\/i0.wp.com\/chaletssurlefleuve.com\/wp-content\/uploads\/2025\/03\/chalets-ete.webp?w=870&amp;ssl=1 870w, https:\/\/i0.wp.com\/chaletssurlefleuve.com\/wp-content\/uploads\/2025\/03\/chalets-ete.webp?resize=300%2C116&amp;ssl=1 300w, https:\/\/i0.wp.com\/chaletssurlefleuve.com\/wp-content\/uploads\/2025\/03\/chalets-ete.webp?resize=768%2C297&amp;ssl=1 768w, https:\/\/i0.wp.com\/chaletssurlefleuve.com\/wp-content\/uploads\/2025\/03\/chalets-ete.webp?resize=800%2C309&amp;ssl=1 800w\" sizes=\"auto, (max-width: 800px) 100vw, 800px\" \/><\/figure>\n<\/div>\n\n\n<p><\/p>\n\n\n\n<p><strong>Vivez toutes les saisons au bord de la rivi\u00e8re<\/strong><\/p>\n\n\n\n<ul class=\"wp-block-list\">\n<li><strong>\u00c9t\u00e9<\/strong>: Profitez du kayak, de la p\u00eache, de la randonn\u00e9e, du v\u00e9lo, de l'observation des oiseaux ou d\u00e9tendez-vous au coin du feu sous les \u00e9toiles. \u00c0 proximit\u00e9, explorez des terrains de golf, des vignobles, des mus\u00e9es et bien plus encore.<\/li>\n\n\n\n<li><strong>Hiver<\/strong>: Essayez le ski de fond, le patinage sur glace sur le lac ou la p\u00eache sur glace pour une exp\u00e9rience v\u00e9ritablement canadienne.<\/li>\n<\/ul>\n\n\n\n<p>Chaque chalet poss\u00e8de son propre charme unique, offrant un petit coin de paradis au bord du majestueux fleuve Saint-Laurent.<\/p>\n\n\n\n<p><strong>Cr\u00e9ez des souvenirs. Profitez de la nature. Trouvez l'\u00e9vasion.<\/strong><br>Nous avons h\u00e2te de vous accueillir,<br><strong>Michel Croiseti\u00e8re<\/strong><br>Propri\u00e9taire et h\u00f4te<\/p>","protected":false},"excerpt":{"rendered":"<p>Welcome to Chalets sur le Fleuve \u2013 Your Riverside Retreat Discover the perfect blend of tranquility, nature, and modern comfort less than an hour from Montreal. Our story began over a century ago when these charming cottages were built as a haven for fishing and hunting enthusiasts. In the 1960s, my father took over and [&hellip;]<\/p>\n","protected":false},"author":1,"featured_media":722,"parent":0,"menu_order":0,"comment_status":"closed","ping_status":"closed","template":"template-front-page.php","meta":{"inline_featured_image":false,"footnotes":""},"class_list":["post-35","page","type-page","status-publish","has-post-thumbnail","hentry"],"aioseo_notices":[],"jetpack_sharing_enabled":true,"_links":{"self":[{"href":"https:\/\/chaletssurlefleuve.com\/francais\/wp-json\/wp\/v2\/pages\/35","targetHints":{"allow":["GET"]}}],"collection":[{"href":"https:\/\/chaletssurlefleuve.com\/francais\/wp-json\/wp\/v2\/pages"}],"about":[{"href":"https:\/\/chaletssurlefleuve.com\/francais\/wp-json\/wp\/v2\/types\/page"}],"author":[{"embeddable":true,"href":"https:\/\/chaletssurlefleuve.com\/francais\/wp-json\/wp\/v2\/users\/1"}],"replies":[{"embeddable":true,"href":"https:\/\/chaletssurlefleuve.com\/francais\/wp-json\/wp\/v2\/comments?post=35"}],"version-history":[{"count":7,"href":"https:\/\/chaletssurlefleuve.com\/francais\/wp-json\/wp\/v2\/pages\/35\/revisions"}],"predecessor-version":[{"id":1060,"href":"https:\/\/chaletssurlefleuve.com\/francais\/wp-json\/wp\/v2\/pages\/35\/revisions\/1060"}],"wp:featuredmedia":[{"embeddable":true,"href":"https:\/\/chaletssurlefleuve.com\/francais\/wp-json\/wp\/v2\/media\/722"}],"wp:attachment":[{"href":"https:\/\/chaletssurlefleuve.com\/francais\/wp-json\/wp\/v2\/media?parent=35"}],"curies":[{"name":"wp","href":"https:\/\/api.w.org\/{rel}","templated":true}]}}